{"id":9420,"date":"2022-01-19T11:27:42","date_gmt":"2022-01-19T10:27:42","guid":{"rendered":"https:\/\/indianchildren.se\/?page_id=9420"},"modified":"2022-01-25T16:01:13","modified_gmt":"2022-01-25T15:01:13","slug":"our-work","status":"publish","type":"page","link":"https:\/\/indianchildren.se\/en\/our-work\/","title":{"rendered":"Our work"},"content":{"rendered":"<p>[et_pb_section fb_built=&#8221;1&#8243; fullwidth=&#8221;on&#8221; _builder_version=&#8221;4.14.4&#8243; _module_preset=&#8221;default&#8221; background_image=&#8221;https:\/\/indianchildren.se\/wp-content\/uploads\/2022\/01\/skolbarn_8-1200&#215;800-1.png&#8221; height=&#8221;455px&#8221; height_tablet=&#8221;455px&#8221; height_phone=&#8221;150px&#8221; height_last_edited=&#8221;on|phone&#8221; global_colors_info=&#8221;{}&#8221;][\/et_pb_section][et_pb_section fb_built=&#8221;1&#8243; _builder_version=&#8221;4.14.4&#8243; _module_preset=&#8221;default&#8221; custom_padding=&#8221;0px|||||&#8221; global_colors_info=&#8221;{}&#8221;][et_pb_row column_structure=&#8221;1_3,1_3,1_3&#8243; _builder_version=&#8221;4.14.4&#8243; _module_preset=&#8221;default&#8221; global_colors_info=&#8221;{}&#8221;][et_pb_column type=&#8221;1_3&#8243; _builder_version=&#8221;4.14.4&#8243; _module_preset=&#8221;default&#8221; global_colors_info=&#8221;{}&#8221;][et_pb_image src=&#8221;https:\/\/indianchildren.se\/wp-content\/uploads\/2021\/12\/utbildning_1-1024&#215;682.png&#8221; title_text=&#8221;utbildning_1&#8243; _builder_version=&#8221;4.14.4&#8243; _module_preset=&#8221;default&#8221; global_colors_info=&#8221;{}&#8221;][\/et_pb_image][et_pb_text _builder_version=&#8221;4.14.4&#8243; _module_preset=&#8221;default&#8221; hover_enabled=&#8221;0&#8243; global_colors_info=&#8221;{}&#8221; sticky_enabled=&#8221;0&#8243;]<\/p>\n<h2>EDUCATION<\/h2>\n<p>5 out of 200 million children in India between 6 and 14 years don\u2019t attend school. Instead, many of these children work with minimum salary and they can\u2019t break the poverty they have been born into. Education is necessary in order to escape poverty. Reading, counting and writing are needed to get a job and be able to provide for themselves and their family.<\/p>\n<p><a href=\"https:\/\/indianchildren.se\/en\/our-work\/education\/\">Read more\u2026<\/a><\/p>\n<p>[\/et_pb_text][\/et_pb_column][et_pb_column type=&#8221;1_3&#8243; _builder_version=&#8221;4.14.4&#8243; _module_preset=&#8221;default&#8221; global_colors_info=&#8221;{}&#8221;][et_pb_image src=&#8221;https:\/\/indianchildren.se\/wp-content\/uploads\/2021\/12\/mat_1-1024&#215;682.png&#8221; title_text=&#8221;mat_1&#8243; _builder_version=&#8221;4.14.4&#8243; _module_preset=&#8221;default&#8221; global_colors_info=&#8221;{}&#8221;][\/et_pb_image][et_pb_text _builder_version=&#8221;4.14.4&#8243; _module_preset=&#8221;default&#8221; hover_enabled=&#8221;0&#8243; global_colors_info=&#8221;{}&#8221; sticky_enabled=&#8221;0&#8243;]<\/p>\n<h2>FOOD<\/h2>\n<p>In India every second child suffers from malnutrition. Lack of food and nutrients leads to diseases and unexcpectedcosts, and that affects the families hard. To avoid this, we run various food projects to give Indian children a better chance to grow and develop into healthy, strong children. We believe that full and healthy children can focus and learn more in school.<\/p>\n<p><a href=\"https:\/\/indianchildren.se\/en\/our-work\/food\/\">Read more\u2026<\/a><\/p>\n<p>[\/et_pb_text][\/et_pb_column][et_pb_column type=&#8221;1_3&#8243; _builder_version=&#8221;4.14.4&#8243; _module_preset=&#8221;default&#8221; global_colors_info=&#8221;{}&#8221;][et_pb_image src=&#8221;https:\/\/indianchildren.se\/wp-content\/uploads\/2021\/12\/halsovard-1024&#215;682.png&#8221; title_text=&#8221;halsovard&#8221; _builder_version=&#8221;4.14.4&#8243; _module_preset=&#8221;default&#8221; global_colors_info=&#8221;{}&#8221;][\/et_pb_image][et_pb_text _builder_version=&#8221;4.14.4&#8243; _module_preset=&#8221;default&#8221; hover_enabled=&#8221;0&#8243; global_colors_info=&#8221;{}&#8221; sticky_enabled=&#8221;0&#8243;]<\/p>\n<h2>HEALTHCARE<\/h2>\n<p>Every year 2.4 million Indian children die before their fifth birthday of sicknesses that could have been prevented. This can be prevented through knowledge and resources to the families. This is why IndianChildren works with both school healthcare and spreading information about basic hygiene and health.<\/p>\n<p><a href=\"https:\/\/indianchildren.se\/en\/our-work\/healthcare\/\">Read more\u2026<\/a><\/p>\n<p>[\/et_pb_text][\/et_pb_column][\/et_pb_row][\/et_pb_section]<\/p>\n","protected":false},"excerpt":{"rendered":"<p>EDUCATION 5 out of 200 million children in India between 6 and 14 years don\u2019t attend school. Instead, many of these children work with minimum salary and they can\u2019t break the poverty they have been born into. Education is necessary in order to escape poverty. Reading, counting and writing are needed to get a job [&hellip;]<\/p>\n","protected":false},"author":1,"featured_media":0,"parent":0,"menu_order":0,"comment_status":"closed","ping_status":"closed","template":"","meta":{"_et_pb_use_builder":"on","_et_pb_old_content":"[et_pb_section fb_built=\"1\" fullwidth=\"on\" _builder_version=\"4.14.4\" _module_preset=\"default\" background_image=\"https:\/\/indianchildren.se\/wp-content\/uploads\/2022\/01\/skolbarn_8-1200x800-1.png\" height=\"455px\" height_tablet=\"455px\" height_phone=\"150px\" height_last_edited=\"on|phone\" global_colors_info=\"{}\"][\/et_pb_section][et_pb_section fb_built=\"1\" _builder_version=\"4.14.4\" _module_preset=\"default\" custom_padding=\"0px|||||\" global_colors_info=\"{}\"][et_pb_row _builder_version=\"4.14.4\" _module_preset=\"default\" custom_padding=\"21px|||||\" global_colors_info=\"{}\"][et_pb_column type=\"4_4\" _builder_version=\"4.14.4\" _module_preset=\"default\" global_colors_info=\"{}\"][et_pb_text _builder_version=\"4.14.4\" _module_preset=\"default\" global_colors_info=\"{}\"]\n<p style=\"text-align: center;\">IndianChildren har tre fokusomr\u00e5den: utbildning, mat och h\u00e4lsov\u00e5rd. V\u00e5r \u00f6nskan \u00e4r att se barnen v\u00e4xa till trygga och starka individer och lyfta dem ur mis\u00e4r till ett v\u00e4rdigt liv.<\/p>\n[\/et_pb_text][\/et_pb_column][\/et_pb_row][et_pb_row column_structure=\"1_3,1_3,1_3\" _builder_version=\"4.14.4\" _module_preset=\"default\" global_colors_info=\"{}\"][et_pb_column type=\"1_3\" _builder_version=\"4.14.4\" _module_preset=\"default\" global_colors_info=\"{}\"][et_pb_image src=\"https:\/\/indianchildren.se\/wp-content\/uploads\/2021\/12\/utbildning_1-1024x682.png\" title_text=\"utbildning_1\" _builder_version=\"4.14.4\" _module_preset=\"default\" global_colors_info=\"{}\"][\/et_pb_image][et_pb_text _builder_version=\"4.14.4\" _module_preset=\"default\" global_colors_info=\"{}\"]\n<h2><strong>UTBILDNING<\/strong><\/h2>\n5 miljoner av Indiens 200 miljoner barn mellan 6-14 \u00e5r g\u00e5r inte i skolan. M\u00e5nga av dessa barn arbetar ist\u00e4llet f\u00f6r minimil\u00f6ner och kan inte bryta den fattigdom de f\u00f6tts in i. Utbildning \u00e4r n\u00f6dv\u00e4ndig f\u00f6r att kunna ta sig ut ur fattigdom.\nAtt l\u00e4sa, r\u00e4kna och skriva \u00e4r en f\u00f6ruts\u00e4ttning f\u00f6r att kunna skaffa sig ett arbete som man kan f\u00f6rs\u00f6rja sig sj\u00e4lv och sin familj p\u00e5.\n\n<a href=\"https:\/\/indianchildren.se\/vart-arbete\/utbildning\/\">L\u00e4s mer\u2026<\/a>[\/et_pb_text][\/et_pb_column][et_pb_column type=\"1_3\" _builder_version=\"4.14.4\" _module_preset=\"default\" global_colors_info=\"{}\"][et_pb_image src=\"https:\/\/indianchildren.se\/wp-content\/uploads\/2021\/12\/mat_1-1024x682.png\" title_text=\"mat_1\" _builder_version=\"4.14.4\" _module_preset=\"default\" global_colors_info=\"{}\"][\/et_pb_image][et_pb_text _builder_version=\"4.14.4\" _module_preset=\"default\" hover_enabled=\"0\" global_colors_info=\"{}\" sticky_enabled=\"0\"]\n<h4>MAT<\/h4>\nI Indien lider vartannat barn av undern\u00e4ring. Brist p\u00e5 mat och n\u00e4rings\u00e4mnen leder till sjukdomar och of\u00f6rutsedda kostnader vilket drabbar familjen h\u00e5rt. F\u00f6r att undvika detta driver vi olika matprojekt f\u00f6r att ge indiska barn en b\u00e4ttre f\u00f6ruts\u00e4ttning att v\u00e4xa och utvecklas till friska och starka barn. Vi tror \u00e4ven att m\u00e4tta och friska barn kan fokusera och l\u00e4ra sig mer i skolan.\n\n<a href=\"https:\/\/indianchildren.se\/vart-arbete\/mat\/\">L\u00e4s mer\u2026<\/a>[\/et_pb_text][\/et_pb_column][et_pb_column type=\"1_3\" _builder_version=\"4.14.4\" _module_preset=\"default\" global_colors_info=\"{}\"][et_pb_image src=\"https:\/\/indianchildren.se\/wp-content\/uploads\/2021\/12\/halsovard-1024x682.png\" title_text=\"halsovard\" _builder_version=\"4.14.4\" _module_preset=\"default\" global_colors_info=\"{}\"][\/et_pb_image][et_pb_text _builder_version=\"4.14.4\" _module_preset=\"default\" hover_enabled=\"0\" global_colors_info=\"{}\" sticky_enabled=\"0\"]\n<h2>H\u00c4LSOV\u00c5RD<\/h2>\nVarje \u00e5r d\u00f6r 2,4 miljoner indiska barn f\u00f6re sin femte f\u00f6delsedag av sjukdomar som kunde f\u00f6rhindras. Detta kan f\u00f6rhindras genom kunskap och resurser till familjerna. D\u00e4rf\u00f6r arbetar IndianChildren med b\u00e5de skolh\u00e4lsov\u00e5rd och sprider information om grundl\u00e4ggande hygien och h\u00e4lsa.\n\n<a href=\"https:\/\/indianchildren.se\/vart-arbete\/halsovard\/\">L\u00e4s mer\u2026<\/a>[\/et_pb_text][\/et_pb_column][\/et_pb_row][et_pb_row column_structure=\"1_2,1_2\" _builder_version=\"4.14.4\" _module_preset=\"default\" background_enable_color=\"off\" global_colors_info=\"{}\"][et_pb_column type=\"1_2\" _builder_version=\"4.14.4\" _module_preset=\"default\" global_colors_info=\"{}\"][et_pb_image src=\"https:\/\/indianchildren.se\/wp-content\/uploads\/2021\/12\/logo_swish_300px.png\" title_text=\"logo_swish_300px\" align=\"center\" _builder_version=\"4.14.4\" _module_preset=\"default\" global_colors_info=\"{}\"][\/et_pb_image][\/et_pb_column][et_pb_column type=\"1_2\" _builder_version=\"4.14.4\" _module_preset=\"default\" global_colors_info=\"{}\"][et_pb_image src=\"https:\/\/indianchildren.se\/wp-content\/uploads\/2021\/12\/logo_90.png\" title_text=\"logo_90\" align=\"center\" _builder_version=\"4.14.4\" _module_preset=\"default\" global_colors_info=\"{}\"][\/et_pb_image][\/et_pb_column][\/et_pb_row][\/et_pb_section]","_et_gb_content_width":"","footnotes":""},"class_list":["post-9420","page","type-page","status-publish","hentry"],"_links":{"self":[{"href":"https:\/\/indianchildren.se\/en\/wp-json\/wp\/v2\/pages\/9420","targetHints":{"allow":["GET"]}}],"collection":[{"href":"https:\/\/indianchildren.se\/en\/wp-json\/wp\/v2\/pages"}],"about":[{"href":"https:\/\/indianchildren.se\/en\/wp-json\/wp\/v2\/types\/page"}],"author":[{"embeddable":true,"href":"https:\/\/indianchildren.se\/en\/wp-json\/wp\/v2\/users\/1"}],"replies":[{"embeddable":true,"href":"https:\/\/indianchildren.se\/en\/wp-json\/wp\/v2\/comments?post=9420"}],"version-history":[{"count":4,"href":"https:\/\/indianchildren.se\/en\/wp-json\/wp\/v2\/pages\/9420\/revisions"}],"predecessor-version":[{"id":9573,"href":"https:\/\/indianchildren.se\/en\/wp-json\/wp\/v2\/pages\/9420\/revisions\/9573"}],"wp:attachment":[{"href":"https:\/\/indianchildren.se\/en\/wp-json\/wp\/v2\/media?parent=9420"}],"curies":[{"name":"wp","href":"https:\/\/api.w.org\/{rel}","templated":true}]}}