{"id":9467,"date":"2022-01-24T10:48:48","date_gmt":"2022-01-24T09:48:48","guid":{"rendered":"https:\/\/indianchildren.se\/?page_id=9467"},"modified":"2022-01-26T13:51:00","modified_gmt":"2022-01-26T12:51:00","slug":"%d0%be%d0%b1%d1%80%d0%b0%d0%b7%d0%be%d0%b2%d0%b0%d0%bd%d0%b8%d0%b5","status":"publish","type":"page","link":"https:\/\/indianchildren.se\/ru\/%d0%bd%d0%b0%d1%88%d0%b0-%d1%80%d0%b0%d0%b1%d0%be%d1%82%d0%b0\/%d0%be%d0%b1%d1%80%d0%b0%d0%b7%d0%be%d0%b2%d0%b0%d0%bd%d0%b8%d0%b5\/","title":{"rendered":"\u043e\u0431\u0440\u0430\u0437\u043e\u0432\u0430\u043d\u0438\u0435"},"content":{"rendered":"<p>[et_pb_section fb_built=&#8221;1&#8243; fullwidth=&#8221;on&#8221; _builder_version=&#8221;4.14.4&#8243; _module_preset=&#8221;default&#8221; background_image=&#8221;https:\/\/indianchildren.se\/wp-content\/uploads\/2021\/12\/utbildning_1.png&#8221; height=&#8221;455px&#8221; height_tablet=&#8221;455px&#8221; height_phone=&#8221;150px&#8221; height_last_edited=&#8221;on|phone&#8221; global_colors_info=&#8221;{}&#8221;][\/et_pb_section][et_pb_section fb_built=&#8221;1&#8243; _builder_version=&#8221;4.14.4&#8243; _module_preset=&#8221;default&#8221; custom_padding=&#8221;0px|||||&#8221; global_colors_info=&#8221;{}&#8221;][et_pb_row column_structure=&#8221;1_3,1_3,1_3&#8243; _builder_version=&#8221;4.14.4&#8243; _module_preset=&#8221;default&#8221; global_colors_info=&#8221;{}&#8221;][et_pb_column type=&#8221;1_3&#8243; _builder_version=&#8221;4.14.4&#8243; _module_preset=&#8221;default&#8221; global_colors_info=&#8221;{}&#8221;][et_pb_image src=&#8221;https:\/\/indianchildren.se\/wp-content\/uploads\/2021\/12\/skolbarn_5.png&#8221; title_text=&#8221;skolbarn_5&#8243; _builder_version=&#8221;4.14.4&#8243; _module_preset=&#8221;default&#8221; global_colors_info=&#8221;{}&#8221;][\/et_pb_image][et_pb_text _builder_version=&#8221;4.14.4&#8243; _module_preset=&#8221;default&#8221; hover_enabled=&#8221;0&#8243; global_colors_info=&#8221;{}&#8221; sticky_enabled=&#8221;0&#8243;]<\/p>\n<h2>\u0428\u043a\u043e\u043b\u044b<\/h2>\n<p><strong>\u0424\u043e\u043d\u0434 \u201c\u0414\u0435\u0442\u0438\u0418\u043d\u0434\u0438\u0438\u201d \u0432\u0435\u0434\u0435\u0442<\/strong> \u0441\u0432\u043e\u044e \u0441\u043e\u0431\u0441\u0442\u0432\u0435\u043d\u043d\u0443\u044e \u0448\u043a\u043e\u043b\u0443 \u0432 \u041a\u0430\u043b\u044c\u043a\u0443\u0442\u0442\u0435 \u0438 \u043f\u043e\u0434\u0434\u0435\u0440\u0436\u0438\u0432\u0430\u0435\u0442 \u0441\u043f\u043e\u043d\u0441\u043e\u0440\u0441\u0442\u0432\u043e \u0434\u0435\u0442\u0435\u0439 \u0435\u0449\u0435 \u0432 \u0442\u0440\u0435\u0445 \u0448\u043a\u043e\u043b\u0430\u0445. \u0412\u043c\u0435\u0441\u0442\u0435 \u044d\u0442\u0438 \u0447\u0435\u0442\u044b\u0440\u0435 \u0448\u043a\u043e\u043b\u044b \u043e\u0445\u0432\u0430\u0442\u044b\u0432\u0430\u044e\u0442 \u0432\u0435\u0441\u044c \u0443\u0440\u043e\u0432\u0435\u043d\u044c \u0448\u043a\u043e\u043b\u044c\u043d\u043e\u0433\u043e \u043e\u0431\u0440\u0430\u0437\u043e\u0432\u0430\u043d\u0438\u044f \u043e\u0442 \u0434\u043e\u0448\u043a\u043e\u043b\u044c\u043d\u043e\u0433\u043e \u0434\u043e 12 \u043a\u043b\u0430\u0441\u0441\u0430 (6-18 \u043b\u0435\u0442).<\/p>\n<p>[\/et_pb_text][\/et_pb_column][et_pb_column type=&#8221;1_3&#8243; _builder_version=&#8221;4.14.4&#8243; _module_preset=&#8221;default&#8221; global_colors_info=&#8221;{}&#8221;][et_pb_image src=&#8221;https:\/\/indianchildren.se\/wp-content\/uploads\/2021\/12\/skolbarn_3-1024&#215;682.png&#8221; title_text=&#8221;skolbarn_3&#8243; _builder_version=&#8221;4.14.4&#8243; _module_preset=&#8221;default&#8221; global_colors_info=&#8221;{}&#8221;][\/et_pb_image][et_pb_text _builder_version=&#8221;4.14.4&#8243; _module_preset=&#8221;default&#8221; hover_enabled=&#8221;0&#8243; global_colors_info=&#8221;{}&#8221; sticky_enabled=&#8221;0&#8243;]<\/p>\n<h2>\u0428\u043a\u043e\u043b\u0430-\u0438\u043d\u0442\u0435\u0440\u043d\u0430\u0442<\/h2>\n<p><strong>\u0412 \u041f\u0430\u043a\u0443\u0440\u0435<\/strong> \u2013 6 \u0447\u0430\u0441\u043e\u0432 \u0435\u0437\u0434\u044b \u043d\u0430 \u043f\u043e\u0435\u0437\u0434\u0435 \u043d\u0430 \u0441\u0435\u0432\u0435\u0440 \u043e\u0442 \u041a\u0430\u043b\u044c\u043a\u0443\u0442\u0442\u044b, \u0424\u043e\u043d\u0434 \u201c\u0414\u0435\u0442\u0438\u0418\u043d\u0434\u0438\u0438\u201d \u043f\u043e\u0434\u0434\u0435\u0440\u0436\u0438\u0432\u0430\u0435\u0442 \u043e\u0431\u0449\u0435\u0436\u0438\u0442\u0438\u044f \u0434\u043b\u044f \u043c\u0430\u043b\u044c\u0447\u0438\u043a\u043e\u0432 \u0438 \u0434\u0435\u0432\u043e\u0447\u0435\u043a. 400 \u0434\u0435\u0442\u0435\u0439 \u0436\u0438\u0432\u0443\u0442 \u0432 \u043e\u0431\u0449\u0435\u0436\u0438\u0442\u0438\u044f\u0445, \u0440\u0430\u0441\u043f\u043e\u043b\u043e\u0436\u0435\u043d\u043d\u044b\u0445 \u0440\u044f\u0434\u043e\u043c \u0441\u043e \u0448\u043a\u043e\u043b\u0430\u043c\u0438.<\/p>\n<p>[\/et_pb_text][\/et_pb_column][et_pb_column type=&#8221;1_3&#8243; _builder_version=&#8221;4.14.4&#8243; _module_preset=&#8221;default&#8221; global_colors_info=&#8221;{}&#8221;][et_pb_image src=&#8221;https:\/\/indianchildren.se\/wp-content\/uploads\/2021\/12\/skolbarn_2-1024&#215;682.png&#8221; title_text=&#8221;skolbarn_2&#8243; _builder_version=&#8221;4.14.4&#8243; _module_preset=&#8221;default&#8221; global_colors_info=&#8221;{}&#8221;][\/et_pb_image][et_pb_text _builder_version=&#8221;4.14.4&#8243; _module_preset=&#8221;default&#8221; hover_enabled=&#8221;0&#8243; global_colors_info=&#8221;{}&#8221; sticky_enabled=&#8221;0&#8243;]<\/p>\n<h2>\u0423\u043b\u0438\u0447\u043d\u044b\u0435 \u0448\u043a\u043e\u043b\u044b<\/h2>\n<p>\u041c\u043d\u043e\u0436\u0435\u0441\u0442\u0432\u043e \u0431\u0435\u0434\u043d\u044b\u0445 \u0434\u0435\u0442\u0435\u0439 \u043d\u0435 \u0438\u043c\u0435\u044e\u0442 \u0432\u043e\u0437\u043c\u043e\u0436\u043d\u043e\u0441\u0442\u044c \u0440\u0435\u0433\u0443\u043b\u044f\u0440\u043d\u043e \u043f\u043e\u0441\u0435\u0449\u0430\u0442\u044c \u0448\u043a\u043e\u043b\u044b. \u0414\u043b\u044f \u0442\u043e\u0433\u043e, \u0447\u0442\u043e\u0431\u044b \u043d\u0430\u0443\u0447\u0438\u0442\u044c \u0438\u0445 \u0447\u0438\u0442\u0430\u0442\u044c, \u0441\u0447\u0438\u0442\u0430\u0442\u044c \u0438 \u043f\u0438\u0441\u0430\u0442\u044c \u0444\u043e\u043d\u0434 \u201c\u0414\u0435\u0442\u0438\u0418\u043d\u0434\u0438\u0438\u201d \u0432\u0435\u0434\u0435\u0442 5 \u0443\u043b\u0438\u0447\u043d\u044b\u0445 \u0448\u043a\u043e\u043b, \u043e\u043a\u043e\u043b\u043e 150 \u0434\u0435\u0442\u0435\u0439. \u041d\u0430\u0448\u0430 \u0446\u0435\u043b\u044c \u0441\u0434\u0435\u043b\u0430\u0442\u044c \u0442\u0430\u043a, \u0447\u0442\u043e\u0431\u044b \u0431\u043e\u043b\u044c\u0448\u0438\u043d\u0441\u0442\u0432\u043e \u0438\u0437 \u043d\u0438\u0445 \u0431\u044b\u043b\u0438 \u0441\u043f\u043e\u0441\u043e\u0431\u043d\u044b \u043f\u0440\u043e\u0434\u043e\u043b\u0436\u0438\u0442\u044c \u043e\u0431\u0443\u0447\u0435\u043d\u0438\u0435 \u0432 \u043e\u0431\u0449\u0438\u0445 \u0448\u043a\u043e\u043b\u0430\u0445.<\/p>\n<p>[\/et_pb_text][\/et_pb_column][\/et_pb_row][\/et_pb_section]<\/p>\n","protected":false},"excerpt":{"rendered":"<p>\u0428\u043a\u043e\u043b\u044b \u0424\u043e\u043d\u0434 \u201c\u0414\u0435\u0442\u0438\u0418\u043d\u0434\u0438\u0438\u201d \u0432\u0435\u0434\u0435\u0442 \u0441\u0432\u043e\u044e \u0441\u043e\u0431\u0441\u0442\u0432\u0435\u043d\u043d\u0443\u044e \u0448\u043a\u043e\u043b\u0443 \u0432 \u041a\u0430\u043b\u044c\u043a\u0443\u0442\u0442\u0435 \u0438 \u043f\u043e\u0434\u0434\u0435\u0440\u0436\u0438\u0432\u0430\u0435\u0442 \u0441\u043f\u043e\u043d\u0441\u043e\u0440\u0441\u0442\u0432\u043e \u0434\u0435\u0442\u0435\u0439 \u0435\u0449\u0435 \u0432 \u0442\u0440\u0435\u0445 \u0448\u043a\u043e\u043b\u0430\u0445. \u0412\u043c\u0435\u0441\u0442\u0435 \u044d\u0442\u0438 \u0447\u0435\u0442\u044b\u0440\u0435 \u0448\u043a\u043e\u043b\u044b \u043e\u0445\u0432\u0430\u0442\u044b\u0432\u0430\u044e\u0442 \u0432\u0435\u0441\u044c \u0443\u0440\u043e\u0432\u0435\u043d\u044c \u0448\u043a\u043e\u043b\u044c\u043d\u043e\u0433\u043e \u043e\u0431\u0440\u0430\u0437\u043e\u0432\u0430\u043d\u0438\u044f \u043e\u0442 \u0434\u043e\u0448\u043a\u043e\u043b\u044c\u043d\u043e\u0433\u043e \u0434\u043e 12 \u043a\u043b\u0430\u0441\u0441\u0430 (6-18 \u043b\u0435\u0442).\u0428\u043a\u043e\u043b\u0430-\u0438\u043d\u0442\u0435\u0440\u043d\u0430\u0442 \u0412 \u041f\u0430\u043a\u0443\u0440\u0435 \u2013 6 \u0447\u0430\u0441\u043e\u0432 \u0435\u0437\u0434\u044b \u043d\u0430 \u043f\u043e\u0435\u0437\u0434\u0435 \u043d\u0430 \u0441\u0435\u0432\u0435\u0440 \u043e\u0442 \u041a\u0430\u043b\u044c\u043a\u0443\u0442\u0442\u044b, \u0424\u043e\u043d\u0434 \u201c\u0414\u0435\u0442\u0438\u0418\u043d\u0434\u0438\u0438\u201d \u043f\u043e\u0434\u0434\u0435\u0440\u0436\u0438\u0432\u0430\u0435\u0442 \u043e\u0431\u0449\u0435\u0436\u0438\u0442\u0438\u044f \u0434\u043b\u044f \u043c\u0430\u043b\u044c\u0447\u0438\u043a\u043e\u0432 \u0438 \u0434\u0435\u0432\u043e\u0447\u0435\u043a. 400 \u0434\u0435\u0442\u0435\u0439 [&hellip;]<\/p>\n","protected":false},"author":1,"featured_media":0,"parent":9463,"menu_order":0,"comment_status":"closed","ping_status":"closed","template":"","meta":{"_et_pb_use_builder":"on","_et_pb_old_content":"[et_pb_section fb_built=\"1\" fullwidth=\"on\" _builder_version=\"4.14.4\" _module_preset=\"default\" background_image=\"https:\/\/indianchildren.se\/wp-content\/uploads\/2021\/12\/utbildning_1.png\" height=\"455px\" height_tablet=\"455px\" height_phone=\"150px\" height_last_edited=\"on|phone\" global_colors_info=\"{}\"][\/et_pb_section][et_pb_section fb_built=\"1\" _builder_version=\"4.14.4\" _module_preset=\"default\" custom_padding=\"0px|||||\" global_colors_info=\"{}\"][et_pb_row _builder_version=\"4.14.4\" _module_preset=\"default\"][et_pb_column _builder_version=\"4.14.4\" _module_preset=\"default\" type=\"4_4\"][et_pb_text _builder_version=\"4.14.4\" _module_preset=\"default\" hover_enabled=\"0\" sticky_enabled=\"0\"]Vi tror att utbildning \u00e4r det b\u00e4sta s\u00e4ttet att hj\u00e4lpa m\u00e4nniskor ut ur fattigdom och ge dem en m\u00f6jlighet att p\u00e5verka och f\u00f6r\u00e4ndra sina livsvillkor och sin framtid till det b\u00e4ttre.[\/et_pb_text][\/et_pb_column][\/et_pb_row][et_pb_row column_structure=\"1_3,1_3,1_3\" _builder_version=\"4.14.4\" _module_preset=\"default\" global_colors_info=\"{}\"][et_pb_column type=\"1_3\" _builder_version=\"4.14.4\" _module_preset=\"default\" global_colors_info=\"{}\"][et_pb_image src=\"https:\/\/indianchildren.se\/wp-content\/uploads\/2021\/12\/skolbarn_5.png\" title_text=\"skolbarn_5\" _builder_version=\"4.14.4\" _module_preset=\"default\" global_colors_info=\"{}\"][\/et_pb_image][et_pb_text _builder_version=\"4.14.4\" _module_preset=\"default\" global_colors_info=\"{}\"]\n<h2>Skolor<\/h2>\n<strong>IndianChildren driver<\/strong> en egen skola i Kolkata och sponsrar fadderbarn p\u00e5 ytterligare tre skolor. Dessa fyra skolor omfattar tillsammans f\u00f6rskola till och med \u00e5rskurs 12 (6-18 \u00e5r).\n\n[\/et_pb_text][\/et_pb_column][et_pb_column type=\"1_3\" _builder_version=\"4.14.4\" _module_preset=\"default\" global_colors_info=\"{}\"][et_pb_image src=\"https:\/\/indianchildren.se\/wp-content\/uploads\/2021\/12\/skolbarn_3-1024x682.png\" title_text=\"skolbarn_3\" _builder_version=\"4.14.4\" _module_preset=\"default\" global_colors_info=\"{}\"][\/et_pb_image][et_pb_text _builder_version=\"4.14.4\" _module_preset=\"default\" global_colors_info=\"{}\"]\n<h2>Elevhem<\/h2>\nI Pakur, 6 timmars t\u00e5gresa norr om Kolkata, sponsrar IndianChildren elevhem f\u00f6r b\u00e5de pojkar och flickor som drivs av Metodistkyrkan i omr\u00e5det. P\u00e5 elevhemmen, som ligger i anslutning till skolan bor idag totalt ca 400 barn.\n\n[\/et_pb_text][\/et_pb_column][et_pb_column type=\"1_3\" _builder_version=\"4.14.4\" _module_preset=\"default\" global_colors_info=\"{}\"][et_pb_image src=\"https:\/\/indianchildren.se\/wp-content\/uploads\/2021\/12\/skolbarn_2-1024x682.png\" title_text=\"skolbarn_2\" _builder_version=\"4.14.4\" _module_preset=\"default\" global_colors_info=\"{}\"][\/et_pb_image][et_pb_text _builder_version=\"4.14.4\" _module_preset=\"default\" global_colors_info=\"{}\"]\n<h2>Gatuskolor<\/h2>\nM\u00e5nga av de allra fattigaste barnen har inte m\u00f6jlighet att g\u00e5 i en vanlig skola. F\u00f6r att l\u00e4ra dem l\u00e4sa, r\u00e4kna och skriva driver IndianChildren tv\u00e5 egna gatuskolor, och sponsrar ytterligare tv\u00e5, f\u00f6r ca 150 barn. Vi arbetar f\u00f6r att s\u00e5 m\u00e5nga som m\u00f6jligt av dem s\u00e5 sm\u00e5ningom ska kunna forts\u00e4tta till en vanlig skola.\n\n[\/et_pb_text][\/et_pb_column][\/et_pb_row][et_pb_row column_structure=\"1_2,1_2\" _builder_version=\"4.14.4\" _module_preset=\"default\" background_color=\"#9e2705\" custom_margin=\"||||false|false\" custom_padding=\"0px||0px||false|false\" global_colors_info=\"{}\"][et_pb_column type=\"1_2\" _builder_version=\"4.14.4\" _module_preset=\"default\" global_colors_info=\"{}\"][et_pb_text _builder_version=\"4.14.4\" _module_preset=\"default\" text_text_color=\"#FFFFFF\" header_3_text_color=\"#FFFFFF\" custom_padding=\"40px||||false|false\" global_colors_info=\"{}\"]\n<h3 style=\"text-align: center;\">SKOLFADDER<\/h3>\n<p style=\"text-align: center;\">P\u00e5 vissa av v\u00e5ra skolor \u00e4r det sv\u00e5rt att st\u00f6dja och\nf\u00f6lja ett s\u00e4rskilt barn, som till exempel vid v\u00e5ra\ngatuskolor. Som skolfadder st\u00f6der man ist\u00e4llet en\nskola eller klass.<\/p>\n<p style=\"text-align: center;\">Valfritt belopp\/m\u00e5n<\/p>\n[\/et_pb_text][et_pb_button button_url=\"https:\/\/indianchildren.se\/bli-fadder\/bli-skolfadder\/\" button_text=\"Bli skolfadder\" button_alignment=\"center\" _builder_version=\"4.14.4\" _module_preset=\"default\" custom_button=\"on\" button_text_color=\"#FFFFFF\" button_border_width=\"2px\" button_border_radius=\"0px\" global_colors_info=\"{}\"][\/et_pb_button][\/et_pb_column][et_pb_column type=\"1_2\" _builder_version=\"4.14.4\" _module_preset=\"default\" global_colors_info=\"{}\"][et_pb_image src=\"https:\/\/indianchildren.se\/wp-content\/uploads\/2021\/12\/skolbarn_1.png\" title_text=\"skolbarn_1\" _builder_version=\"4.14.4\" _module_preset=\"default\" global_colors_info=\"{}\"][\/et_pb_image][\/et_pb_column][\/et_pb_row][et_pb_row column_structure=\"1_2,1_2\" _builder_version=\"4.14.4\" _module_preset=\"default\" background_enable_color=\"off\" locked=\"off\" global_colors_info=\"{}\"][et_pb_column type=\"1_2\" _builder_version=\"4.14.4\" _module_preset=\"default\" global_colors_info=\"{}\"][et_pb_image src=\"https:\/\/indianchildren.se\/wp-content\/uploads\/2021\/12\/logo_swish_300px.png\" title_text=\"logo_swish_300px\" align=\"center\" _builder_version=\"4.14.4\" _module_preset=\"default\" global_colors_info=\"{}\"][\/et_pb_image][\/et_pb_column][et_pb_column type=\"1_2\" _builder_version=\"4.14.4\" _module_preset=\"default\" global_colors_info=\"{}\"][et_pb_image src=\"https:\/\/indianchildren.se\/wp-content\/uploads\/2021\/12\/logo_90.png\" title_text=\"logo_90\" align=\"center\" _builder_version=\"4.14.4\" _module_preset=\"default\" global_colors_info=\"{}\"][\/et_pb_image][\/et_pb_column][\/et_pb_row][\/et_pb_section]","_et_gb_content_width":"","footnotes":""},"class_list":["post-9467","page","type-page","status-publish","hentry"],"_links":{"self":[{"href":"https:\/\/indianchildren.se\/ru\/wp-json\/wp\/v2\/pages\/9467","targetHints":{"allow":["GET"]}}],"collection":[{"href":"https:\/\/indianchildren.se\/ru\/wp-json\/wp\/v2\/pages"}],"about":[{"href":"https:\/\/indianchildren.se\/ru\/wp-json\/wp\/v2\/types\/page"}],"author":[{"embeddable":true,"href":"https:\/\/indianchildren.se\/ru\/wp-json\/wp\/v2\/users\/1"}],"replies":[{"embeddable":true,"href":"https:\/\/indianchildren.se\/ru\/wp-json\/wp\/v2\/comments?post=9467"}],"version-history":[{"count":3,"href":"https:\/\/indianchildren.se\/ru\/wp-json\/wp\/v2\/pages\/9467\/revisions"}],"predecessor-version":[{"id":9601,"href":"https:\/\/indianchildren.se\/ru\/wp-json\/wp\/v2\/pages\/9467\/revisions\/9601"}],"up":[{"embeddable":true,"href":"https:\/\/indianchildren.se\/ru\/wp-json\/wp\/v2\/pages\/9463"}],"wp:attachment":[{"href":"https:\/\/indianchildren.se\/ru\/wp-json\/wp\/v2\/media?parent=9467"}],"curies":[{"name":"wp","href":"https:\/\/api.w.org\/{rel}","templated":true}]}}