{"id":9476,"date":"2022-01-24T11:36:10","date_gmt":"2022-01-24T10:36:10","guid":{"rendered":"https:\/\/indianchildren.se\/?page_id=9476"},"modified":"2022-01-26T14:17:59","modified_gmt":"2022-01-26T13:17:59","slug":"%d0%b8%d0%b7%d0%bc%d0%b5%d0%bd%d1%8f%d0%b9-%d0%bc%d0%b8%d1%80","status":"publish","type":"page","link":"https:\/\/indianchildren.se\/ru\/%d0%b8%d0%b7%d0%bc%d0%b5%d0%bd%d1%8f%d0%b9-%d0%bc%d0%b8%d1%80\/","title":{"rendered":"\u0438\u0437\u043c\u0435\u043d\u044f\u0439 \u043c\u0438\u0440"},"content":{"rendered":"<p>[et_pb_section fb_built=&#8221;1&#8243; fullwidth=&#8221;on&#8221; _builder_version=&#8221;4.14.4&#8243; _module_preset=&#8221;default&#8221; background_image=&#8221;https:\/\/indianchildren.se\/wp-content\/uploads\/2021\/12\/lo_shelter-cutie.png&#8221; height=&#8221;455px&#8221; height_tablet=&#8221;455px&#8221; height_phone=&#8221;150px&#8221; height_last_edited=&#8221;on|phone&#8221; global_colors_info=&#8221;{}&#8221;][\/et_pb_section][et_pb_section fb_built=&#8221;1&#8243; _builder_version=&#8221;4.14.4&#8243; _module_preset=&#8221;default&#8221; custom_padding=&#8221;0px|||||&#8221; global_colors_info=&#8221;{}&#8221;][et_pb_row column_structure=&#8221;1_2,1_2&#8243; _builder_version=&#8221;4.14.4&#8243; _module_preset=&#8221;default&#8221; global_colors_info=&#8221;{}&#8221;][et_pb_column type=&#8221;1_2&#8243; _builder_version=&#8221;4.14.4&#8243; _module_preset=&#8221;default&#8221; global_colors_info=&#8221;{}&#8221;][et_pb_image src=&#8221;https:\/\/indianchildren.se\/wp-content\/uploads\/2022\/01\/Barnfadder-510&#215;240-1.jpg&#8221; title_text=&#8221;Barnfadder-510&#215;240&#8243; _builder_version=&#8221;4.14.4&#8243; _module_preset=&#8221;default&#8221; height=&#8221;150px&#8221; global_colors_info=&#8221;{}&#8221;][\/et_pb_image][et_pb_text _builder_version=&#8221;4.14.4&#8243; _module_preset=&#8221;default&#8221; hover_enabled=&#8221;0&#8243; global_colors_info=&#8221;{}&#8221; sticky_enabled=&#8221;0&#8243;]<\/p>\n<h2>\u0421\u043f\u043e\u043d\u0441\u043e\u0440 \u0440\u0435\u0431\u0435\u043d\u043a\u0430<\/h2>\n<p><strong>\u0421\u0442\u0430\u0432 \u0441\u043f\u043e\u043d\u0441\u043e\u0440\u043e\u043c<\/strong> \u0440\u0435\u0431\u0435\u043d\u043a\u0430, \u0432\u044b \u043f\u043e\u043c\u043e\u0433\u0430\u0435\u0442\u0435 \u044d\u0442\u043e\u043c\u0443 \u0440\u0435\u0431\u0435\u043d\u043a\u0443 \u0432\u044b\u0440\u0432\u0430\u0442\u044c\u0441\u044f \u0438\u0437 \u043d\u0438\u0449\u0435\u0442\u044b, \u0434\u0430\u0432\u0430\u044f \u0435\u043c\u0443 \u0438\u043b\u0438 \u0435\u0439 \u043e\u0431\u0440\u0430\u0437\u043e\u0432\u0430\u043d\u0438\u0435, \u043f\u0438\u0442\u0430\u043d\u0438\u0435 \u0438 \u043c\u0435\u0434\u0438\u0446\u0438\u043d\u0441\u043a\u0443\u044e \u0437\u0430\u0431\u043e\u0442\u0443<br \/><a href=\"https:\/\/indianchildren.se\/ru\/%d1%81%d1%82%d0%b0%d1%82%d1%8c-%d1%81%d0%bf%d0%be%d0%bd%d1%81%d0%be%d1%80%d0%be%d0%bc\/\">\u041f\u0440\u043e\u0447\u0438\u0442\u0430\u0439\u0442\u0435 \u0431\u043e\u043b\u044c\u0448\u0435\u2026<\/a><\/p>\n<p>[\/et_pb_text][\/et_pb_column][et_pb_column type=&#8221;1_2&#8243; _builder_version=&#8221;4.14.4&#8243; _module_preset=&#8221;default&#8221; global_colors_info=&#8221;{}&#8221;][et_pb_image src=&#8221;https:\/\/indianchildren.se\/wp-content\/uploads\/2022\/01\/Engangsgava-510&#215;240-1.jpg&#8221; title_text=&#8221;Engangsgava-510&#215;240&#8243; _builder_version=&#8221;4.14.4&#8243; _module_preset=&#8221;default&#8221; height=&#8221;150px&#8221; global_colors_info=&#8221;{}&#8221;][\/et_pb_image][et_pb_text _builder_version=&#8221;4.14.4&#8243; _module_preset=&#8221;default&#8221; hover_enabled=&#8221;0&#8243; global_colors_info=&#8221;{}&#8221; sticky_enabled=&#8221;0&#8243;]<\/p>\n<h2>\u0421\u0434\u0435\u043b\u0430\u0442\u044c \u043f\u043e\u0436\u0435\u0440\u0442\u0432\u043e\u0432\u0430\u043d\u0438\u0435<\/h2>\n<p><strong>\u0414\u043b\u044f \u043f\u043e\u043c\u043e\u0449\u0438 \u0434\u0435\u0442\u044f\u043c<\/strong> \u0432 \u0418\u043d\u0434\u0438\u0438 \u043c\u044b \u043f\u0440\u0438\u0433\u043b\u0430\u0448\u0430\u0435\u043c \u0432\u0430\u0441 \u043f\u0440\u0438\u043d\u044f\u0442\u044c \u0443\u0447\u0430\u0441\u0442\u0438\u0435 \u0432 \u0441\u043f\u043e\u043d\u0441\u0438\u0440\u043e\u0432\u0430\u043d\u0438\u0438 \u0440\u0430\u0437\u043d\u044b\u0445 \u043d\u0430\u043f\u0440\u0430\u0432\u043b\u0435\u043d\u0438\u0439 \u0440\u0430\u0431\u043e\u0442\u044b \u0444\u043e\u043d\u0434\u0430 \u201c\u0414\u0435\u0442\u0438\u0418\u043d\u0434\u0438\u0438\u201d. \u0412\u043c\u0435\u0441\u0442\u0435 \u043c\u044b \u0441\u043c\u043e\u0436\u0435\u043c \u043f\u0440\u0438\u043d\u0435\u0441\u0442\u0438 \u0438\u0437\u043c\u0435\u043d\u0435\u043d\u0438\u044f! \u0421\u043f\u0430\u0441\u0438\u0431\u043e \u0437\u0430 \u0432\u0430\u0448\u0438 \u043f\u043e\u0436\u0435\u0440\u0442\u0432\u043e\u0432\u0430\u043d\u0438\u044f!<br \/><a href=\"https:\/\/indianchildren.se\/ru\/%d1%81%d0%b4%d0%b5%d0%bb%d0%b0%d1%82%d1%8c-%d0%bf%d0%be%d0%b6%d0%b5%d1%80%d1%82%d0%b2%d0%be%d0%b2%d0%b0%d0%bd%d0%b8%d0%b5\/\">\u041f\u0440\u043e\u0447\u0438\u0442\u0430\u0439\u0442\u0435 \u0431\u043e\u043b\u044c\u0448\u0435\u2026<\/a><\/p>\n<p>[\/et_pb_text][\/et_pb_column][\/et_pb_row][\/et_pb_section]<\/p>\n","protected":false},"excerpt":{"rendered":"<p>\u0421\u043f\u043e\u043d\u0441\u043e\u0440 \u0440\u0435\u0431\u0435\u043d\u043a\u0430 \u0421\u0442\u0430\u0432 \u0441\u043f\u043e\u043d\u0441\u043e\u0440\u043e\u043c \u0440\u0435\u0431\u0435\u043d\u043a\u0430, \u0432\u044b \u043f\u043e\u043c\u043e\u0433\u0430\u0435\u0442\u0435 \u044d\u0442\u043e\u043c\u0443 \u0440\u0435\u0431\u0435\u043d\u043a\u0443 \u0432\u044b\u0440\u0432\u0430\u0442\u044c\u0441\u044f \u0438\u0437 \u043d\u0438\u0449\u0435\u0442\u044b, \u0434\u0430\u0432\u0430\u044f \u0435\u043c\u0443 \u0438\u043b\u0438 \u0435\u0439 \u043e\u0431\u0440\u0430\u0437\u043e\u0432\u0430\u043d\u0438\u0435, \u043f\u0438\u0442\u0430\u043d\u0438\u0435 \u0438 \u043c\u0435\u0434\u0438\u0446\u0438\u043d\u0441\u043a\u0443\u044e \u0437\u0430\u0431\u043e\u0442\u0443\u041f\u0440\u043e\u0447\u0438\u0442\u0430\u0439\u0442\u0435 \u0431\u043e\u043b\u044c\u0448\u0435\u2026\u0421\u0434\u0435\u043b\u0430\u0442\u044c \u043f\u043e\u0436\u0435\u0440\u0442\u0432\u043e\u0432\u0430\u043d\u0438\u0435 \u0414\u043b\u044f \u043f\u043e\u043c\u043e\u0449\u0438 \u0434\u0435\u0442\u044f\u043c \u0432 \u0418\u043d\u0434\u0438\u0438 \u043c\u044b \u043f\u0440\u0438\u0433\u043b\u0430\u0448\u0430\u0435\u043c \u0432\u0430\u0441 \u043f\u0440\u0438\u043d\u044f\u0442\u044c \u0443\u0447\u0430\u0441\u0442\u0438\u0435 \u0432 \u0441\u043f\u043e\u043d\u0441\u0438\u0440\u043e\u0432\u0430\u043d\u0438\u0438 \u0440\u0430\u0437\u043d\u044b\u0445 \u043d\u0430\u043f\u0440\u0430\u0432\u043b\u0435\u043d\u0438\u0439 \u0440\u0430\u0431\u043e\u0442\u044b \u0444\u043e\u043d\u0434\u0430 \u201c\u0414\u0435\u0442\u0438\u0418\u043d\u0434\u0438\u0438\u201d. \u0412\u043c\u0435\u0441\u0442\u0435 \u043c\u044b \u0441\u043c\u043e\u0436\u0435\u043c \u043f\u0440\u0438\u043d\u0435\u0441\u0442\u0438 \u0438\u0437\u043c\u0435\u043d\u0435\u043d\u0438\u044f! \u0421\u043f\u0430\u0441\u0438\u0431\u043e \u0437\u0430 \u0432\u0430\u0448\u0438 \u043f\u043e\u0436\u0435\u0440\u0442\u0432\u043e\u0432\u0430\u043d\u0438\u044f!\u041f\u0440\u043e\u0447\u0438\u0442\u0430\u0439\u0442\u0435 \u0431\u043e\u043b\u044c\u0448\u0435\u2026<\/p>\n","protected":false},"author":1,"featured_media":0,"parent":0,"menu_order":0,"comment_status":"closed","ping_status":"closed","template":"","meta":{"_et_pb_use_builder":"on","_et_pb_old_content":"[et_pb_section fb_built=\"1\" fullwidth=\"on\" _builder_version=\"4.14.4\" _module_preset=\"default\" background_image=\"https:\/\/indianchildren.se\/wp-content\/uploads\/2021\/12\/lo_shelter-cutie.png\" height=\"455px\" height_tablet=\"455px\" height_phone=\"150px\" height_last_edited=\"on|phone\" global_colors_info=\"{}\"][\/et_pb_section][et_pb_section fb_built=\"1\" _builder_version=\"4.14.4\" _module_preset=\"default\" custom_padding=\"0px|||||\" global_colors_info=\"{}\"][et_pb_row _builder_version=\"4.14.4\" _module_preset=\"default\" global_colors_info=\"{}\"][et_pb_column type=\"4_4\" _builder_version=\"4.14.4\" _module_preset=\"default\" global_colors_info=\"{}\"][et_pb_text _builder_version=\"4.14.4\" _module_preset=\"default\" global_colors_info=\"{}\"]Du kan engagera dig i IndianChildren genom att bli fadder eller att ditt f\u00f6retag ansluter sig till n\u00e5got utav v\u00e5ra sponsorpaket. Eller varf\u00f6r inte \u00e5ka med p\u00e5 v\u00e5ra resor eller \u00e5ka ut som volont\u00e4r?[\/et_pb_text][\/et_pb_column][\/et_pb_row][et_pb_row column_structure=\"1_3,1_3,1_3\" _builder_version=\"4.14.4\" _module_preset=\"default\" global_colors_info=\"{}\"][et_pb_column type=\"1_3\" _builder_version=\"4.14.4\" _module_preset=\"default\" global_colors_info=\"{}\"][et_pb_image src=\"https:\/\/indianchildren.se\/wp-content\/uploads\/2022\/01\/Barnfadder-510x240-1.jpg\" title_text=\"Barnfadder-510x240\" _builder_version=\"4.14.4\" _module_preset=\"default\" height=\"150px\" global_colors_info=\"{}\"][\/et_pb_image][et_pb_text _builder_version=\"4.14.4\" _module_preset=\"default\" hover_enabled=\"0\" global_colors_info=\"{}\" sticky_enabled=\"0\"]\n<div id=\"col-1844045338\" class=\"col medium-4 small-12 large-4\">\n<div class=\"col-inner\">\n<div class=\"box has-hover   has-hover box-text-bottom\">\n<div class=\"box-text text-left\">\n<div class=\"box-text-inner\">\n<h4>BLI FADDER<\/h4>\n<strong>Du kan g\u00f6ra skillnad!<\/strong><span>&nbsp;<\/span>Som barnfadder hj\u00e4lper du ett barn ut ur fattigdom genom att ge honom eller henne utbildning, mat och h\u00e4lsov\u00e5rd.\n\n<a href=\"https:\/\/indianchildren.se\/bli-fadder\/\">L\u00e4s mer\u2026<\/a>\n\n<\/div>\n<\/div>\n<\/div>\n<\/div>\n<\/div>\n<div id=\"col-81686332\" class=\"col medium-4 small-12 large-4\">\n<div class=\"col-inner\">\n<div class=\"box has-hover   has-hover box-text-bottom\">\n<div class=\"box-image\">\n<div class=\"image-cover\"><\/div>\n<\/div>\n<\/div>\n<\/div>\n<\/div>\n[\/et_pb_text][\/et_pb_column][et_pb_column type=\"1_3\" _builder_version=\"4.14.4\" _module_preset=\"default\" global_colors_info=\"{}\"][et_pb_image src=\"https:\/\/indianchildren.se\/wp-content\/uploads\/2022\/01\/Engangsgava-510x240-1.jpg\" title_text=\"Engangsgava-510x240\" _builder_version=\"4.14.4\" _module_preset=\"default\" height=\"150px\" global_colors_info=\"{}\"][\/et_pb_image][et_pb_text _builder_version=\"4.14.4\" _module_preset=\"default\" hover_enabled=\"0\" global_colors_info=\"{}\" sticky_enabled=\"0\"]\n<div id=\"col-452132038\" class=\"col medium-4 small-12 large-4\">\n<div class=\"col-inner\">\n<div class=\"box has-hover   has-hover box-text-bottom\">\n<div class=\"box-text text-left\">\n<div class=\"box-text-inner\">\n<div id=\"col-81686332\" class=\"col medium-4 small-12 large-4\">\n<div class=\"col-inner\">\n<div class=\"box has-hover   has-hover box-text-bottom\">\n<div class=\"box-text text-left\">\n<div class=\"box-text-inner\">\n<h4>GE EN G\u00c5VA<\/h4>\nGenom din g\u00e5va m\u00f6jligg\u00f6r du att flickor r\u00e4ddas fr\u00e5n prostitution, fattiga barn f\u00e5r g\u00e5 i skola och hungriga barn f\u00e5r mat. Din g\u00e5va kan \u00e4ven anv\u00e4ndas till att sponsra barns operationer eller renoveringar av skollokaler och&nbsp;sjukhus i underutvecklade omr\u00e5den.\n\n<a href=\"https:\/\/indianchildren.se\/ge-en-gava\/\">L\u00e4s mer\u2026<\/a>\n\n<\/div>\n<\/div>\n<\/div>\n<\/div>\n<\/div>\n<div id=\"col-1162287323\" class=\"col medium-4 small-12 large-4\">\n<div class=\"col-inner\">\n<div class=\"box has-hover   has-hover box-text-bottom\">\n<div class=\"box-image\">\n<div class=\"image-cover\"><\/div>\n<\/div>\n<\/div>\n<\/div>\n<\/div>\n<\/div>\n<\/div>\n<\/div>\n<\/div>\n<\/div>\n[\/et_pb_text][\/et_pb_column][et_pb_column type=\"1_3\" _builder_version=\"4.14.4\" _module_preset=\"default\" global_colors_info=\"{}\"][et_pb_image src=\"https:\/\/indianchildren.se\/wp-content\/uploads\/2022\/01\/jul_1-1-300x200.png\" title_text=\"jul_1\" _builder_version=\"4.14.4\" _module_preset=\"default\" height=\"150px\" custom_css_main_element=\"object-fit: cover;\" global_colors_info=\"{}\"][\/et_pb_image][et_pb_text _builder_version=\"4.14.4\" _module_preset=\"default\" hover_enabled=\"0\" global_colors_info=\"{}\" sticky_enabled=\"0\"]\n<div class=\"row\" id=\"row-865230761\">\n<div id=\"col-1162287323\" class=\"col medium-4 small-12 large-4\">\n<div class=\"col-inner\">\n<div class=\"box has-hover   has-hover box-text-bottom\">\n<div class=\"box-text text-left\">\n<div class=\"box-text-inner\">\n<h4>F\u00d6RETAGSSPONSRING<\/h4>\nDu som f\u00f6retagare kan sponsra IndianChildren och st\u00e5 tillsammans med oss i arbetet att ge de indiska barnen en ljusare och b\u00e4ttre framtid. Vi erbjuder sponsorpaket, men det st\u00e5r dig givetvis fritt att sponsra med eng\u00e5ngsbelopp eller p\u00e5 annat s\u00e4tt!\n\n<a href=\"https:\/\/indianchildren.se\/foretagssponsring\/\">L\u00e4s mer\u2026<\/a>\n\n<\/div>\n<\/div>\n<\/div>\n<\/div>\n<\/div>\n<\/div>\n<div class=\"row\" id=\"row-1068567794\">\n<div id=\"col-1633244402\" class=\"col medium-4 small-12 large-4\">\n<div class=\"col-inner\">\n<div class=\"box has-hover   has-hover box-text-bottom\">\n<div class=\"box-image\">\n<div class=\"image-cover\"><\/div>\n<\/div>\n<\/div>\n<\/div>\n<\/div>\n<\/div>\n[\/et_pb_text][\/et_pb_column][\/et_pb_row][et_pb_row column_structure=\"1_3,1_3,1_3\" _builder_version=\"4.14.4\" _module_preset=\"default\" global_colors_info=\"{}\"][et_pb_column type=\"1_3\" _builder_version=\"4.14.4\" _module_preset=\"default\" global_colors_info=\"{}\"][et_pb_image src=\"https:\/\/indianchildren.se\/wp-content\/uploads\/2021\/12\/volontarer-e1642082986728.png\" title_text=\"volontarer\" _builder_version=\"4.14.4\" _module_preset=\"default\" global_colors_info=\"{}\" height__hover_enabled=\"off|desktop\"][\/et_pb_image][et_pb_text _builder_version=\"4.14.4\" _module_preset=\"default\" hover_enabled=\"0\" global_colors_info=\"{}\" sticky_enabled=\"0\"]\n<div id=\"col-1633244402\" class=\"col medium-4 small-12 large-4\">\n<div class=\"col-inner\">\n<div class=\"box has-hover   has-hover box-text-bottom\">\n<div class=\"box-text text-left\">\n<div class=\"box-text-inner\">\n<h4>VOLONT\u00c4R<\/h4>\nKom och hj\u00e4lp Indiens barn att utvecklas p\u00e5 livets alla omr\u00e5den. Ge vad du har och bli en viktig del i att ge barnen hopp om en b\u00e4ttre framtid. Som volont\u00e4r \u00e4r du ute 3-6 m\u00e5nader.\n\n<a href=\"https:\/\/indianchildren.se\/volontar\/\">L\u00e4s mer\u2026<\/a>\n\n<\/div>\n<\/div>\n<\/div>\n<\/div>\n<\/div>\n<div id=\"col-891411132\" class=\"col medium-4 small-12 large-4\">\n<div class=\"col-inner\">\n<div class=\"box has-hover   has-hover box-text-bottom\">\n<div class=\"box-image\">\n<div class=\"image-cover\"><\/div>\n<\/div>\n<\/div>\n<\/div>\n<\/div>\n[\/et_pb_text][\/et_pb_column][et_pb_column type=\"1_3\" _builder_version=\"4.14.4\" _module_preset=\"default\" global_colors_info=\"{}\"][et_pb_image src=\"https:\/\/indianchildren.se\/wp-content\/uploads\/2021\/12\/testamentera.png\" title_text=\"testamentera\" _builder_version=\"4.14.4\" _module_preset=\"default\" global_colors_info=\"{}\"][\/et_pb_image][et_pb_text _builder_version=\"4.14.4\" _module_preset=\"default\" hover_enabled=\"0\" global_colors_info=\"{}\" sticky_enabled=\"0\"]\n<h4>RESOR<\/h4>\nIndianChildren arrangerar under \u00e5ret ett antal resor f\u00f6r dig som \u00e4r intresserad av att se mer av v\u00e5rt arbete, eller engagera dig p\u00e5 n\u00e5got s\u00e4tt. Nedan hittar du information om kommande resor.\n\n<a href=\"https:\/\/indianchildren.se\/resor\/\">L\u00e4s mer\u2026<\/a>\n\n[\/et_pb_text][\/et_pb_column][et_pb_column type=\"1_3\" _builder_version=\"4.14.4\" _module_preset=\"default\" global_colors_info=\"{}\"][et_pb_image src=\"https:\/\/indianchildren.se\/wp-content\/uploads\/2022\/01\/lo_IMG_0674-1-e1642083273957.png\" title_text=\"lo_IMG_0674\" _builder_version=\"4.14.4\" _module_preset=\"default\" global_colors_info=\"{}\"][\/et_pb_image][et_pb_text _builder_version=\"4.14.4\" _module_preset=\"default\" hover_enabled=\"0\" global_colors_info=\"{}\" sticky_enabled=\"0\"]\n<div class=\"row\" id=\"row-1068567794\">\n<div id=\"col-1965300285\" class=\"col medium-4 small-12 large-4\">\n<div class=\"col-inner\">\n<div class=\"box has-hover   has-hover box-text-bottom\">\n<div class=\"box-text text-left\">\n<div class=\"box-text-inner\">\n<h4>EVENT<\/h4>\nVill du st\u00e5 upp f\u00f6r Indiens barn d\u00e4r du bor?\nVill du kanske skapa medvetenhet om barnens situation eller arrangera en gala f\u00f6r att samla in pengar eller har du andra id\u00e9er?\nVi hj\u00e4lper dig g\u00e4rna!\n\n<a href=\"https:\/\/indianchildren.se\/event\/\">L\u00e4s mer\u2026<\/a>\n\n<\/div>\n<\/div>\n<\/div>\n<\/div>\n<\/div>\n<\/div>\n<div class=\"row\" id=\"row-197200819\">\n<div id=\"col-319070540\" class=\"col small-12 large-12\">\n<div class=\"col-inner\">\n<div class=\"message-box relative\"><\/div>\n<\/div>\n<\/div>\n<\/div>\n[\/et_pb_text][\/et_pb_column][\/et_pb_row][et_pb_row column_structure=\"1_2,1_2\" _builder_version=\"4.14.4\" _module_preset=\"default\" background_enable_color=\"off\" locked=\"off\" global_colors_info=\"{}\"][et_pb_column type=\"1_2\" _builder_version=\"4.14.4\" _module_preset=\"default\" global_colors_info=\"{}\"][et_pb_image src=\"https:\/\/indianchildren.se\/wp-content\/uploads\/2021\/12\/logo_swish_300px.png\" title_text=\"logo_swish_300px\" align=\"center\" _builder_version=\"4.14.4\" _module_preset=\"default\" global_colors_info=\"{}\"][\/et_pb_image][\/et_pb_column][et_pb_column type=\"1_2\" _builder_version=\"4.14.4\" _module_preset=\"default\" global_colors_info=\"{}\"][et_pb_image src=\"https:\/\/indianchildren.se\/wp-content\/uploads\/2021\/12\/logo_90.png\" title_text=\"logo_90\" align=\"center\" _builder_version=\"4.14.4\" _module_preset=\"default\" global_colors_info=\"{}\"][\/et_pb_image][\/et_pb_column][\/et_pb_row][\/et_pb_section]","_et_gb_content_width":"","footnotes":""},"class_list":["post-9476","page","type-page","status-publish","hentry"],"_links":{"self":[{"href":"https:\/\/indianchildren.se\/ru\/wp-json\/wp\/v2\/pages\/9476","targetHints":{"allow":["GET"]}}],"collection":[{"href":"https:\/\/indianchildren.se\/ru\/wp-json\/wp\/v2\/pages"}],"about":[{"href":"https:\/\/indianchildren.se\/ru\/wp-json\/wp\/v2\/types\/page"}],"author":[{"embeddable":true,"href":"https:\/\/indianchildren.se\/ru\/wp-json\/wp\/v2\/users\/1"}],"replies":[{"embeddable":true,"href":"https:\/\/indianchildren.se\/ru\/wp-json\/wp\/v2\/comments?post=9476"}],"version-history":[{"count":5,"href":"https:\/\/indianchildren.se\/ru\/wp-json\/wp\/v2\/pages\/9476\/revisions"}],"predecessor-version":[{"id":9607,"href":"https:\/\/indianchildren.se\/ru\/wp-json\/wp\/v2\/pages\/9476\/revisions\/9607"}],"wp:attachment":[{"href":"https:\/\/indianchildren.se\/ru\/wp-json\/wp\/v2\/media?parent=9476"}],"curies":[{"name":"wp","href":"https:\/\/api.w.org\/{rel}","templated":true}]}}